{"id":1039,"date":"2018-04-30T15:19:28","date_gmt":"2018-04-30T13:19:28","guid":{"rendered":"http:\/\/www.steinbruch-jung.de\/?page_id=1039"},"modified":"2019-04-26T13:38:54","modified_gmt":"2019-04-26T11:38:54","slug":"datenschutz","status":"publish","type":"page","link":"https:\/\/www.steinbruch-jung.de\/?page_id=1039","title":{"rendered":"Datenschutz"},"content":{"rendered":"<h3>Datenschutzerkl\u00e4rung<\/h3>\n<p>Dies ist die Datenschutzerkl\u00e4rung zum Online-Angebot der Internetseite steinbruch-jung.de (nachfolgend &#8222;unsere Internetseite&#8220;), betrieben durch &#8222;uns&#8220;, G\u00fcnter Jung GmbH, Biggestra\u00dfe 43, 57462 Olpe , vertreten durch den Gesch\u00e4ftsf\u00fchrer G\u00fcnter Jung (vgl. Impressum). Nachfolgend finden Sie Informationen dazu, welche Daten w\u00e4hrend Ihres Besuchs auf unserer Internetseite erfasst und wie diese genutzt werden.<\/p>\n<p>&nbsp;<\/p>\n<p>1. Zul\u00e4ssigkeit der Datenverarbeitung<\/p>\n<p>&nbsp;<\/p>\n<p>1.1 Nach dem Bundesdatenschutzgesetz (BDSG) ist die Datenverarbeitung und -nutzung zul\u00e4ssig, wenn das BDSG oder eine andere Rechtsvorschrift sie erlaubt oder wenn die \/ der Betroffene eingewilligt hat. Das BDSG erlaubt die Datenverarbeitung und -nutzung stets, wenn dies im Rahmen der Zweckbestimmung eines Vertragsverh\u00e4ltnisses oder vertrags\u00e4hnlichen Vertrauensverh\u00e4ltnisses geschieht. Die Datenverarbeitung ist auch zul\u00e4ssig, soweit es zur Wahrung berechtigter Interessen der speichernden Stelle bzw. eines Dritten, beispielsweise eines Empf\u00e4ngers, erforderlich ist und kein Grund zu der Annahme besteht, dass das schutzw\u00fcrdige Interesse des Betroffenen an dem Ausschluss der Verarbeitung oder Nutzung \u00fcberwiegt bzw. er ein solches schutzw\u00fcrdiges Interesse hat.<\/p>\n<p>&nbsp;<\/p>\n<p>1.2 Verantwortliche Stelle im Sinne des BDSG ist die G\u00fcnter Jung GmbH, vertreten durch den Gesch\u00e4ftsf\u00fchrer G\u00fcnter Jung (vgl. Impressum).<\/p>\n<p>&nbsp;<\/p>\n<p>2. Datenerhebung und -speicherung<\/p>\n<p>&nbsp;<\/p>\n<p>2.1 F\u00fcr die Ausf\u00fchrung Ihres Auftrags m\u00fcssen wir folgende Daten speichern:<\/p>\n<ul>\n<li>Ihren Namen und Vornamen,<\/li>\n<li>Ihre Anschrift,<\/li>\n<li>Ihre E-Mail-Adresse,<\/li>\n<li>Ihre Telefon-Nummer,<\/li>\n<li>und Weiteres die wir im Rahmen eines Anfrageformulars von Ihnen abfragen.<\/li>\n<\/ul>\n<p>&nbsp;<\/p>\n<p>2.2 Zudem speichern wir folgende Daten:<\/p>\n<ul>\n<li>Die Webseiten-Adresse, von der Sie auf unsere Internetseite gelangt sind,<\/li>\n<li>Ihr genutzten Suchbegriffe,<\/li>\n<li>Ihr eingesetzter Internet-Browser,<\/li>\n<li>Die Webseiten-Adresse unserer Internetseite,<\/li>\n<li>Ihre eindeutige Ger\u00e4te-Kennung, die Ihnen Ihr Internet-Anbieter zugewiesen hat (IP-Adresse) die automatisch erhoben werden.<\/li>\n<\/ul>\n<p>&nbsp;<\/p>\n<p>&nbsp;<\/p>\n<p>3. Datenverwendung und -weitergabe<\/p>\n<p>&nbsp;<\/p>\n<p>3.1 Ihre E-Mail-Adresse wird f\u00fcr die \u00dcbermittlung unseres Angebots und unserer Auftragsbest\u00e4tigung, unserer AGB und sonstiger Informationen, die ausschlie\u00dflich Ihren Auftrag oder unsere AGB betreffen, benutzt.<\/p>\n<p>3.2 Alle sonstigen Daten werden nur zur Auftragsabwicklung oder den sonstigen in dieser Datenschutzerkl\u00e4rung genannten Zwecken benutzt.<\/p>\n<p>3.3 Soweit wir Daten f\u00fcr einen Zweck nutzen, der nach den gesetzlichen Bestimmungen Ihre Einwilligung erfordert, werden wir Sie stets um Ihr ausdr\u00fcckliches Einverst\u00e4ndnis bitten und Ihre Einwilligung gem\u00e4\u00df den datenschutzrechtlichen Vorschriften protokollieren. Sie k\u00f6nnen Ihr einmal gegebenes Einverst\u00e4ndnis jederzeit mit Wirkung f\u00fcr die Zukunft widerrufen und\/oder k\u00fcnftigen Verwendungen Ihrer Daten f\u00fcr Zwecke der Werbung, Markt- und Meinungsforschung widersprechen.<\/p>\n<p>&nbsp;<\/p>\n<p>4. Auskunft, Berichtigung, L\u00f6schung<\/p>\n<p>Nach dem Bundesdatenschutzgesetz (BDSG) haben Sie unter bestimmten Voraussetzungen das Recht auf Berichtigung, Sperrung und L\u00f6schung Ihrer in unseren Datenbanken gespeicherten Daten. Auf jeden Fall haben Sie ein Recht auf Auskunft. Bitte kontaktieren Sie uns, wenn Sie Fragen haben.<\/p>\n<p>&nbsp;<\/p>\n<p>5. Cookies<\/p>\n<p>5.1 Das Online-Angebot unserer Internetseite verwendet Cookies, sofern Sie solche akzeptieren. Die von uns gesetzten Cookies enthalten keine personenbezogenen Daten. &#8222;Cookies&#8220; sind Textdateien, die auf Ihrem Computer gespeichert werden und die eine Analyse Ihrer Nutzung unserer Internetseite erm\u00f6glichen.<\/p>\n<p>5.2 Dar\u00fcber hinaus verwenden wir Cookies zum Zwecke der statistischen Auswertung beispielsweise der Besucherzahlen und aufgesuchten Internetseiten. Wir versichern Ihnen, dass in diesem Zusammenhang keine pers\u00f6nlichen Daten erhoben oder gespeichert werden. Eine Auswertung der Daten, au\u00dfer f\u00fcr statistische Zwecke und dann grunds\u00e4tzlich in anonymisierter Form, erfolgt nicht.<\/p>\n<p>5.3 Sie k\u00f6nnen die Speicherung der Cookies durch eine entsprechende Einstellung Ihres Browsers verhindern; wir weisen Sie jedoch darauf hin, dass Sie in diesem Fall ggfs. nicht s\u00e4mtliche Funktionen unserer Internetseite vollumf\u00e4nglich nutzen k\u00f6nnen.<\/p>\n<p>&nbsp;<\/p>\n<p>&nbsp;<\/p>\n","protected":false},"excerpt":{"rendered":"<p>Datenschutzerkl\u00e4rung Dies ist die Datenschutzerkl\u00e4rung zum Online-Angebot der Internetseite steinbruch-jung.de (nachfolgend &#8222;unsere Internetseite&#8220;), betrieben durch &#8222;uns&#8220;, G\u00fcnter Jung GmbH, Biggestra\u00dfe 43, 57462 Olpe , vertreten durch den Gesch\u00e4ftsf\u00fchrer G\u00fcnter Jung (vgl. Impressum). Nachfolgend finden Sie Informationen dazu, welche Daten w\u00e4hrend Ihres Besuchs auf unserer Internetseite erfasst und wie diese genutzt werden. &nbsp; 1. Zul\u00e4ssigkeit der [&hellip;]<\/p>\n","protected":false},"author":2,"featured_media":0,"parent":0,"menu_order":12,"comment_status":"open","ping_status":"closed","template":"","meta":[],"_links":{"self":[{"href":"https:\/\/www.steinbruch-jung.de\/index.php?rest_route=\/wp\/v2\/pages\/1039"}],"collection":[{"href":"https:\/\/www.steinbruch-jung.de\/index.php?rest_route=\/wp\/v2\/pages"}],"about":[{"href":"https:\/\/www.steinbruch-jung.de\/index.php?rest_route=\/wp\/v2\/types\/page"}],"author":[{"embeddable":true,"href":"https:\/\/www.steinbruch-jung.de\/index.php?rest_route=\/wp\/v2\/users\/2"}],"replies":[{"embeddable":true,"href":"https:\/\/www.steinbruch-jung.de\/index.php?rest_route=%2Fwp%2Fv2%2Fcomments&post=1039"}],"version-history":[{"count":6,"href":"https:\/\/www.steinbruch-jung.de\/index.php?rest_route=\/wp\/v2\/pages\/1039\/revisions"}],"predecessor-version":[{"id":1067,"href":"https:\/\/www.steinbruch-jung.de\/index.php?rest_route=\/wp\/v2\/pages\/1039\/revisions\/1067"}],"wp:attachment":[{"href":"https:\/\/www.steinbruch-jung.de\/index.php?rest_route=%2Fwp%2Fv2%2Fmedia&parent=1039"}],"curies":[{"name":"wp","href":"https:\/\/api.w.org\/{rel}","templated":true}]}}