{"id":11,"date":"2009-06-06T09:44:32","date_gmt":"2009-06-06T07:44:32","guid":{"rendered":"http:\/\/www.steinbruch-jung.de\/?page_id=11"},"modified":"2018-01-26T13:46:06","modified_gmt":"2018-01-26T11:46:06","slug":"sonstige-natursteine","status":"publish","type":"page","link":"https:\/\/www.steinbruch-jung.de\/?page_id=11","title":{"rendered":"Fuhrpark\/Transporte"},"content":{"rendered":"<div class=\"mceTemp mceIEcenter\">\n<p>&nbsp;<\/p>\n<p style=\"text-align: center;\">Unser gut ausgestatteter Fuhrpark erm\u00f6glicht uns Sch\u00fcttguttransporte aller Art, auch besonders schwerer G\u00fcter, durch Einsatz von Hardox-Stahlmulden. Wir liefern\u00a0termingerecht und zuverl\u00e4ssig frei Bau (in vollen Z\u00fcgen\/Sattel, ca. 28 to ). Da wir nicht von \u00d6ffnungszeiten abh\u00e4ngig sind,\u00a0k\u00f6nnen wir\u00a0sehr\u00a0flexibel agieren und unseren Kunden einen unkomplizierten und beispiellosen Service bieten:<\/p>\n<p style=\"text-align: center;\"><strong>&#8220;\u00a0Wir liefern,\u00a0wann immer der Kunde uns braucht!&#8220;<\/strong><\/p>\n\n\t\t<style type=\"text\/css\">\n\t\t\t#gallery-1 {\n\t\t\t\tmargin: auto;\n\t\t\t}\n\t\t\t#gallery-1 .gallery-item {\n\t\t\t\tfloat: left;\n\t\t\t\tmargin-top: 10px;\n\t\t\t\ttext-align: center;\n\t\t\t\twidth: 25%;\n\t\t\t}\n\t\t\t#gallery-1 img {\n\t\t\t\tborder: 2px solid #cfcfcf;\n\t\t\t}\n\t\t\t#gallery-1 .gallery-caption {\n\t\t\t\tmargin-left: 0;\n\t\t\t}\n\t\t\t\/* see gallery_shortcode() in wp-includes\/media.php *\/\n\t\t<\/style>\n\t\t<div id='gallery-1' class='gallery galleryid-11 gallery-columns-4 gallery-size-thumbnail'><dl class='gallery-item'>\n\t\t\t<dt class='gallery-icon landscape'>\n\t\t\t\t<a href='https:\/\/www.steinbruch-jung.de\/wp-content\/uploads\/2009\/06\/DSC00109-2.jpg'><img width=\"150\" height=\"150\" src=\"https:\/\/www.steinbruch-jung.de\/wp-content\/uploads\/2009\/06\/DSC00109-2-150x150.jpg\" class=\"attachment-thumbnail size-thumbnail\" alt=\"\" loading=\"lazy\" \/><\/a>\n\t\t\t<\/dt><\/dl><dl class='gallery-item'>\n\t\t\t<dt class='gallery-icon landscape'>\n\t\t\t\t<a href='https:\/\/www.steinbruch-jung.de\/wp-content\/uploads\/2009\/06\/IMG_1358.jpg'><img width=\"150\" height=\"150\" src=\"https:\/\/www.steinbruch-jung.de\/wp-content\/uploads\/2009\/06\/IMG_1358-150x150.jpg\" class=\"attachment-thumbnail size-thumbnail\" alt=\"\" loading=\"lazy\" \/><\/a>\n\t\t\t<\/dt><\/dl><dl class='gallery-item'>\n\t\t\t<dt class='gallery-icon landscape'>\n\t\t\t\t<a href='https:\/\/www.steinbruch-jung.de\/wp-content\/uploads\/2009\/06\/IMG_1734-Kopie2.jpg'><img width=\"150\" height=\"150\" src=\"https:\/\/www.steinbruch-jung.de\/wp-content\/uploads\/2009\/06\/IMG_1734-Kopie2-150x150.jpg\" class=\"attachment-thumbnail size-thumbnail\" alt=\"\" loading=\"lazy\" \/><\/a>\n\t\t\t<\/dt><\/dl><dl class='gallery-item'>\n\t\t\t<dt class='gallery-icon landscape'>\n\t\t\t\t<a href='https:\/\/www.steinbruch-jung.de\/wp-content\/uploads\/2009\/06\/IMG_1677-Kopie2.jpg'><img width=\"150\" height=\"150\" src=\"https:\/\/www.steinbruch-jung.de\/wp-content\/uploads\/2009\/06\/IMG_1677-Kopie2-150x150.jpg\" class=\"attachment-thumbnail size-thumbnail\" alt=\"\" loading=\"lazy\" \/><\/a>\n\t\t\t<\/dt><\/dl><br style=\"clear: both\" \/><dl class='gallery-item'>\n\t\t\t<dt class='gallery-icon landscape'>\n\t\t\t\t<a href='https:\/\/www.steinbruch-jung.de\/wp-content\/uploads\/2009\/06\/IMG_1726-Kopie2.jpg'><img width=\"150\" height=\"150\" src=\"https:\/\/www.steinbruch-jung.de\/wp-content\/uploads\/2009\/06\/IMG_1726-Kopie2-150x150.jpg\" class=\"attachment-thumbnail size-thumbnail\" alt=\"\" loading=\"lazy\" \/><\/a>\n\t\t\t<\/dt><\/dl><dl class='gallery-item'>\n\t\t\t<dt class='gallery-icon portrait'>\n\t\t\t\t<a href='https:\/\/www.steinbruch-jung.de\/wp-content\/uploads\/2009\/06\/IMG_1353.jpg'><img width=\"150\" height=\"150\" src=\"https:\/\/www.steinbruch-jung.de\/wp-content\/uploads\/2009\/06\/IMG_1353-150x150.jpg\" class=\"attachment-thumbnail size-thumbnail\" alt=\"\" loading=\"lazy\" \/><\/a>\n\t\t\t<\/dt><\/dl><dl class='gallery-item'>\n\t\t\t<dt class='gallery-icon landscape'>\n\t\t\t\t<a href='https:\/\/www.steinbruch-jung.de\/wp-content\/uploads\/2009\/06\/IMG_2907.jpg'><img width=\"150\" height=\"150\" src=\"https:\/\/www.steinbruch-jung.de\/wp-content\/uploads\/2009\/06\/IMG_2907-150x150.jpg\" class=\"attachment-thumbnail size-thumbnail\" alt=\"\" loading=\"lazy\" \/><\/a>\n\t\t\t<\/dt><\/dl><dl class='gallery-item'>\n\t\t\t<dt class='gallery-icon landscape'>\n\t\t\t\t<a href='https:\/\/www.steinbruch-jung.de\/wp-content\/uploads\/2009\/06\/IMG_1693-Kopie2.jpg'><img width=\"150\" height=\"150\" src=\"https:\/\/www.steinbruch-jung.de\/wp-content\/uploads\/2009\/06\/IMG_1693-Kopie2-150x150.jpg\" class=\"attachment-thumbnail size-thumbnail\" alt=\"\" loading=\"lazy\" \/><\/a>\n\t\t\t<\/dt><\/dl><br style=\"clear: both\" \/><dl class='gallery-item'>\n\t\t\t<dt class='gallery-icon landscape'>\n\t\t\t\t<a href='https:\/\/www.steinbruch-jung.de\/wp-content\/uploads\/2009\/06\/g\u00fcnterjung.jpg'><img width=\"150\" height=\"150\" src=\"https:\/\/www.steinbruch-jung.de\/wp-content\/uploads\/2009\/06\/g\u00fcnterjung-150x150.jpg\" class=\"attachment-thumbnail size-thumbnail\" alt=\"\" loading=\"lazy\" \/><\/a>\n\t\t\t<\/dt><\/dl><dl class='gallery-item'>\n\t\t\t<dt class='gallery-icon portrait'>\n\t\t\t\t<a href='https:\/\/www.steinbruch-jung.de\/wp-content\/uploads\/2009\/06\/IMG_1980.jpg'><img width=\"150\" height=\"150\" src=\"https:\/\/www.steinbruch-jung.de\/wp-content\/uploads\/2009\/06\/IMG_1980-150x150.jpg\" class=\"attachment-thumbnail size-thumbnail\" alt=\"\" loading=\"lazy\" \/><\/a>\n\t\t\t<\/dt><\/dl><dl class='gallery-item'>\n\t\t\t<dt class='gallery-icon landscape'>\n\t\t\t\t<a href='https:\/\/www.steinbruch-jung.de\/wp-content\/uploads\/2009\/06\/IMG_0703.jpg'><img width=\"150\" height=\"150\" src=\"https:\/\/www.steinbruch-jung.de\/wp-content\/uploads\/2009\/06\/IMG_0703-150x150.jpg\" class=\"attachment-thumbnail size-thumbnail\" alt=\"\" loading=\"lazy\" \/><\/a>\n\t\t\t<\/dt><\/dl><dl class='gallery-item'>\n\t\t\t<dt class='gallery-icon landscape'>\n\t\t\t\t<a href='https:\/\/www.steinbruch-jung.de\/wp-content\/uploads\/2009\/06\/DSC_0776.jpg'><img width=\"150\" height=\"150\" src=\"https:\/\/www.steinbruch-jung.de\/wp-content\/uploads\/2009\/06\/DSC_0776-150x150.jpg\" class=\"attachment-thumbnail size-thumbnail\" alt=\"\" loading=\"lazy\" \/><\/a>\n\t\t\t<\/dt><\/dl><br style=\"clear: both\" \/><dl class='gallery-item'>\n\t\t\t<dt class='gallery-icon landscape'>\n\t\t\t\t<a href='https:\/\/www.steinbruch-jung.de\/wp-content\/uploads\/2009\/06\/IMG_0053.jpg'><img width=\"150\" height=\"150\" src=\"https:\/\/www.steinbruch-jung.de\/wp-content\/uploads\/2009\/06\/IMG_0053-150x150.jpg\" class=\"attachment-thumbnail size-thumbnail\" alt=\"\" loading=\"lazy\" \/><\/a>\n\t\t\t<\/dt><\/dl><dl class='gallery-item'>\n\t\t\t<dt class='gallery-icon landscape'>\n\t\t\t\t<a href='https:\/\/www.steinbruch-jung.de\/wp-content\/uploads\/2009\/06\/IMG_0126.jpg'><img width=\"150\" height=\"150\" src=\"https:\/\/www.steinbruch-jung.de\/wp-content\/uploads\/2009\/06\/IMG_0126-150x150.jpg\" class=\"attachment-thumbnail size-thumbnail\" alt=\"\" loading=\"lazy\" \/><\/a>\n\t\t\t<\/dt><\/dl><dl class='gallery-item'>\n\t\t\t<dt class='gallery-icon portrait'>\n\t\t\t\t<a href='https:\/\/www.steinbruch-jung.de\/wp-content\/uploads\/2009\/06\/IMG_1298.jpg'><img width=\"150\" height=\"150\" src=\"https:\/\/www.steinbruch-jung.de\/wp-content\/uploads\/2009\/06\/IMG_1298-150x150.jpg\" class=\"attachment-thumbnail size-thumbnail\" alt=\"\" loading=\"lazy\" \/><\/a>\n\t\t\t<\/dt><\/dl><dl class='gallery-item'>\n\t\t\t<dt class='gallery-icon landscape'>\n\t\t\t\t<a href='https:\/\/www.steinbruch-jung.de\/wp-content\/uploads\/2009\/06\/IMG_0045.jpg'><img width=\"150\" height=\"150\" src=\"https:\/\/www.steinbruch-jung.de\/wp-content\/uploads\/2009\/06\/IMG_0045-150x150.jpg\" class=\"attachment-thumbnail size-thumbnail\" alt=\"\" loading=\"lazy\" \/><\/a>\n\t\t\t<\/dt><\/dl><br style=\"clear: both\" \/><dl class='gallery-item'>\n\t\t\t<dt class='gallery-icon landscape'>\n\t\t\t\t<a href='https:\/\/www.steinbruch-jung.de\/wp-content\/uploads\/2009\/06\/IMG_0049.jpg'><img width=\"150\" height=\"150\" src=\"https:\/\/www.steinbruch-jung.de\/wp-content\/uploads\/2009\/06\/IMG_0049-150x150.jpg\" class=\"attachment-thumbnail size-thumbnail\" alt=\"\" loading=\"lazy\" \/><\/a>\n\t\t\t<\/dt><\/dl><dl class='gallery-item'>\n\t\t\t<dt class='gallery-icon landscape'>\n\t\t\t\t<a href='https:\/\/www.steinbruch-jung.de\/wp-content\/uploads\/2009\/06\/IMG_0718.jpg'><img width=\"150\" height=\"150\" src=\"https:\/\/www.steinbruch-jung.de\/wp-content\/uploads\/2009\/06\/IMG_0718-150x150.jpg\" class=\"attachment-thumbnail size-thumbnail\" alt=\"\" loading=\"lazy\" \/><\/a>\n\t\t\t<\/dt><\/dl><dl class='gallery-item'>\n\t\t\t<dt class='gallery-icon landscape'>\n\t\t\t\t<a href='https:\/\/www.steinbruch-jung.de\/wp-content\/uploads\/2009\/06\/IMG_4793.jpg'><img width=\"150\" height=\"150\" src=\"https:\/\/www.steinbruch-jung.de\/wp-content\/uploads\/2009\/06\/IMG_4793-150x150.jpg\" class=\"attachment-thumbnail size-thumbnail\" alt=\"\" loading=\"lazy\" \/><\/a>\n\t\t\t<\/dt><\/dl><dl class='gallery-item'>\n\t\t\t<dt class='gallery-icon landscape'>\n\t\t\t\t<a href='https:\/\/www.steinbruch-jung.de\/wp-content\/uploads\/2009\/06\/IMG_5481.jpg'><img width=\"150\" height=\"150\" src=\"https:\/\/www.steinbruch-jung.de\/wp-content\/uploads\/2009\/06\/IMG_5481-150x150.jpg\" class=\"attachment-thumbnail size-thumbnail\" alt=\"\" loading=\"lazy\" \/><\/a>\n\t\t\t<\/dt><\/dl><br style=\"clear: both\" \/>\n\t\t<\/div>\n\n<\/div>\n","protected":false},"excerpt":{"rendered":"<p>&nbsp; Unser gut ausgestatteter Fuhrpark erm\u00f6glicht uns Sch\u00fcttguttransporte aller Art, auch besonders schwerer G\u00fcter, durch Einsatz von Hardox-Stahlmulden. Wir liefern\u00a0termingerecht und zuverl\u00e4ssig frei Bau (in vollen Z\u00fcgen\/Sattel, ca. 28 to ). Da wir nicht von \u00d6ffnungszeiten abh\u00e4ngig sind,\u00a0k\u00f6nnen wir\u00a0sehr\u00a0flexibel agieren und unseren Kunden einen unkomplizierten und beispiellosen Service bieten: &#8220;\u00a0Wir liefern,\u00a0wann immer der Kunde uns [&hellip;]<\/p>\n","protected":false},"author":1,"featured_media":0,"parent":0,"menu_order":4,"comment_status":"open","ping_status":"open","template":"","meta":[],"_links":{"self":[{"href":"https:\/\/www.steinbruch-jung.de\/index.php?rest_route=\/wp\/v2\/pages\/11"}],"collection":[{"href":"https:\/\/www.steinbruch-jung.de\/index.php?rest_route=\/wp\/v2\/pages"}],"about":[{"href":"https:\/\/www.steinbruch-jung.de\/index.php?rest_route=\/wp\/v2\/types\/page"}],"author":[{"embeddable":true,"href":"https:\/\/www.steinbruch-jung.de\/index.php?rest_route=\/wp\/v2\/users\/1"}],"replies":[{"embeddable":true,"href":"https:\/\/www.steinbruch-jung.de\/index.php?rest_route=%2Fwp%2Fv2%2Fcomments&post=11"}],"version-history":[{"count":22,"href":"https:\/\/www.steinbruch-jung.de\/index.php?rest_route=\/wp\/v2\/pages\/11\/revisions"}],"predecessor-version":[{"id":78,"href":"https:\/\/www.steinbruch-jung.de\/index.php?rest_route=\/wp\/v2\/pages\/11\/revisions\/78"}],"wp:attachment":[{"href":"https:\/\/www.steinbruch-jung.de\/index.php?rest_route=%2Fwp%2Fv2%2Fmedia&parent=11"}],"curies":[{"name":"wp","href":"https:\/\/api.w.org\/{rel}","templated":true}]}}