{"id":114,"date":"2010-04-08T16:17:29","date_gmt":"2010-04-08T14:17:29","guid":{"rendered":"http:\/\/www.steinbruch-jung.de\/?page_id=114"},"modified":"2015-05-04T23:04:05","modified_gmt":"2015-05-04T21:04:05","slug":"uber-uns","status":"publish","type":"page","link":"https:\/\/www.steinbruch-jung.de\/?page_id=114","title":{"rendered":"Willkommen&#8230;"},"content":{"rendered":"<p><strong>&#8230;\u00a0in unserer \u00a0&#8222;Welt der Steine&#8220;.<\/strong><\/p>\n<p>1988 wurde der Steinbruchbetrieb als Familienunternehmen gegr\u00fcndet.\u00a0\u00a0Seither ist die Gewinnung und Verarbeitung von Grauwacke unsere Passion.<\/p>\n<p>Gerne stehen wir unseren Kunden mit langj\u00e4hriger Erfahrung rund um das Thema &#8222;Stein&#8220; zur Verf\u00fcgung.\u00a0Neben\u00a0allen herk\u00f6mmlichen Sch\u00fcttg\u00fctern pr\u00e4sentieren wir ein stets wachsendes exklusives Produktsortiment. Dazu geh\u00f6ren Bruchsteine, Bruchsteinplatten, Zierkiesel, Quadersteine, Gabionensteine und vieles mehr.<\/p>\n\n\t\t<style type=\"text\/css\">\n\t\t\t#gallery-1 {\n\t\t\t\tmargin: auto;\n\t\t\t}\n\t\t\t#gallery-1 .gallery-item {\n\t\t\t\tfloat: left;\n\t\t\t\tmargin-top: 10px;\n\t\t\t\ttext-align: center;\n\t\t\t\twidth: 25%;\n\t\t\t}\n\t\t\t#gallery-1 img {\n\t\t\t\tborder: 2px solid #cfcfcf;\n\t\t\t}\n\t\t\t#gallery-1 .gallery-caption {\n\t\t\t\tmargin-left: 0;\n\t\t\t}\n\t\t\t\/* see gallery_shortcode() in wp-includes\/media.php *\/\n\t\t<\/style>\n\t\t<div id='gallery-1' class='gallery galleryid-114 gallery-columns-4 gallery-size-thumbnail'><dl class='gallery-item'>\n\t\t\t<dt class='gallery-icon landscape'>\n\t\t\t\t<a href='https:\/\/www.steinbruch-jung.de\/wp-content\/uploads\/2010\/04\/IMG_5489.jpg'><img width=\"150\" height=\"150\" src=\"https:\/\/www.steinbruch-jung.de\/wp-content\/uploads\/2010\/04\/IMG_5489-150x150.jpg\" class=\"attachment-thumbnail size-thumbnail\" alt=\"\" loading=\"lazy\" \/><\/a>\n\t\t\t<\/dt><\/dl><dl class='gallery-item'>\n\t\t\t<dt class='gallery-icon landscape'>\n\t\t\t\t<a href='https:\/\/www.steinbruch-jung.de\/wp-content\/uploads\/2010\/04\/IMG_5477.jpg'><img width=\"150\" height=\"150\" src=\"https:\/\/www.steinbruch-jung.de\/wp-content\/uploads\/2010\/04\/IMG_5477-150x150.jpg\" class=\"attachment-thumbnail size-thumbnail\" alt=\"\" loading=\"lazy\" \/><\/a>\n\t\t\t<\/dt><\/dl><dl class='gallery-item'>\n\t\t\t<dt class='gallery-icon landscape'>\n\t\t\t\t<a href='https:\/\/www.steinbruch-jung.de\/wp-content\/uploads\/2010\/04\/IMG_5485.jpg'><img width=\"150\" height=\"150\" src=\"https:\/\/www.steinbruch-jung.de\/wp-content\/uploads\/2010\/04\/IMG_5485-150x150.jpg\" class=\"attachment-thumbnail size-thumbnail\" alt=\"\" loading=\"lazy\" \/><\/a>\n\t\t\t<\/dt><\/dl><dl class='gallery-item'>\n\t\t\t<dt class='gallery-icon landscape'>\n\t\t\t\t<a href='https:\/\/www.steinbruch-jung.de\/wp-content\/uploads\/2010\/04\/L914-Kettenbagger.jpg'><img width=\"150\" height=\"150\" src=\"https:\/\/www.steinbruch-jung.de\/wp-content\/uploads\/2010\/04\/L914-Kettenbagger-150x150.jpg\" class=\"attachment-thumbnail size-thumbnail\" alt=\"\" loading=\"lazy\" \/><\/a>\n\t\t\t<\/dt><\/dl><br style=\"clear: both\" \/><dl class='gallery-item'>\n\t\t\t<dt class='gallery-icon landscape'>\n\t\t\t\t<a href='https:\/\/www.steinbruch-jung.de\/wp-content\/uploads\/2010\/04\/DSC_0069.jpg'><img width=\"150\" height=\"150\" src=\"https:\/\/www.steinbruch-jung.de\/wp-content\/uploads\/2010\/04\/DSC_0069-150x150.jpg\" class=\"attachment-thumbnail size-thumbnail\" alt=\"\" loading=\"lazy\" \/><\/a>\n\t\t\t<\/dt><\/dl><dl class='gallery-item'>\n\t\t\t<dt class='gallery-icon landscape'>\n\t\t\t\t<a href='https:\/\/www.steinbruch-jung.de\/wp-content\/uploads\/2010\/04\/IMG_2657.jpg'><img width=\"150\" height=\"150\" src=\"https:\/\/www.steinbruch-jung.de\/wp-content\/uploads\/2010\/04\/IMG_2657-150x150.jpg\" class=\"attachment-thumbnail size-thumbnail\" alt=\"\" loading=\"lazy\" \/><\/a>\n\t\t\t<\/dt><\/dl><dl class='gallery-item'>\n\t\t\t<dt class='gallery-icon landscape'>\n\t\t\t\t<a href='https:\/\/www.steinbruch-jung.de\/wp-content\/uploads\/2010\/04\/Steinbruch-2009-3051.jpg'><img width=\"150\" height=\"150\" src=\"https:\/\/www.steinbruch-jung.de\/wp-content\/uploads\/2010\/04\/Steinbruch-2009-3051-150x150.jpg\" class=\"attachment-thumbnail size-thumbnail\" alt=\"\" loading=\"lazy\" \/><\/a>\n\t\t\t<\/dt><\/dl><dl class='gallery-item'>\n\t\t\t<dt class='gallery-icon portrait'>\n\t\t\t\t<a href='https:\/\/www.steinbruch-jung.de\/wp-content\/uploads\/2010\/04\/IMG_2043.jpg'><img width=\"150\" height=\"150\" src=\"https:\/\/www.steinbruch-jung.de\/wp-content\/uploads\/2010\/04\/IMG_2043-150x150.jpg\" class=\"attachment-thumbnail size-thumbnail\" alt=\"\" loading=\"lazy\" \/><\/a>\n\t\t\t<\/dt><\/dl><br style=\"clear: both\" \/>\n\t\t<\/div>\n\n<p>&nbsp;<\/p>\n<p>Nehmen Sie sich etwas Zeit und entdecken Sie die Vielfalt unserer Produkte und Dienstleistungen. Wir w\u00fcrden uns freuen, Sie bald als Kunde in unserem Steinbruch begr\u00fc\u00dfen zu k\u00f6nnen.<\/p>\n<p style=\"text-align: right;\">Ihr G\u00fcnter Jung und Mitarbeiter<\/p>\n","protected":false},"excerpt":{"rendered":"<p>&#8230;\u00a0in unserer \u00a0&#8222;Welt der Steine&#8220;. 1988 wurde der Steinbruchbetrieb als Familienunternehmen gegr\u00fcndet.\u00a0\u00a0Seither ist die Gewinnung und Verarbeitung von Grauwacke unsere Passion. Gerne stehen wir unseren Kunden mit langj\u00e4hriger Erfahrung rund um das Thema &#8222;Stein&#8220; zur Verf\u00fcgung.\u00a0Neben\u00a0allen herk\u00f6mmlichen Sch\u00fcttg\u00fctern pr\u00e4sentieren wir ein stets wachsendes exklusives Produktsortiment. Dazu geh\u00f6ren Bruchsteine, Bruchsteinplatten, Zierkiesel, Quadersteine, Gabionensteine und vieles mehr. [&hellip;]<\/p>\n","protected":false},"author":2,"featured_media":0,"parent":0,"menu_order":0,"comment_status":"open","ping_status":"open","template":"","meta":[],"_links":{"self":[{"href":"https:\/\/www.steinbruch-jung.de\/index.php?rest_route=\/wp\/v2\/pages\/114"}],"collection":[{"href":"https:\/\/www.steinbruch-jung.de\/index.php?rest_route=\/wp\/v2\/pages"}],"about":[{"href":"https:\/\/www.steinbruch-jung.de\/index.php?rest_route=\/wp\/v2\/types\/page"}],"author":[{"embeddable":true,"href":"https:\/\/www.steinbruch-jung.de\/index.php?rest_route=\/wp\/v2\/users\/2"}],"replies":[{"embeddable":true,"href":"https:\/\/www.steinbruch-jung.de\/index.php?rest_route=%2Fwp%2Fv2%2Fcomments&post=114"}],"version-history":[{"count":54,"href":"https:\/\/www.steinbruch-jung.de\/index.php?rest_route=\/wp\/v2\/pages\/114\/revisions"}],"predecessor-version":[{"id":119,"href":"https:\/\/www.steinbruch-jung.de\/index.php?rest_route=\/wp\/v2\/pages\/114\/revisions\/119"}],"wp:attachment":[{"href":"https:\/\/www.steinbruch-jung.de\/index.php?rest_route=%2Fwp%2Fv2%2Fmedia&parent=114"}],"curies":[{"name":"wp","href":"https:\/\/api.w.org\/{rel}","templated":true}]}}