{"id":3,"date":"2009-06-02T08:50:57","date_gmt":"2009-06-02T06:50:57","guid":{"rendered":"http:\/\/www.steinbruch-jung.de\/?page_id=3"},"modified":"2020-07-16T13:38:49","modified_gmt":"2020-07-16T11:38:49","slug":"impressum-2","status":"publish","type":"page","link":"https:\/\/www.steinbruch-jung.de\/?page_id=3","title":{"rendered":"Impressum"},"content":{"rendered":"<p>G\u00fcnter Jung GmbH Steinbruchbetrieb<br \/>\nBiggestr. 43<br \/>\n57462 Olpe<\/p>\n<p>Tel.: 02761\/5285<br \/>\nFax: 02761\/40410<\/p>\n<p>www.steinbruch-jung.de<br \/>\ninfo@steinbruch-jung.de<\/p>\n<p>Gesch\u00e4ftsf\u00fchrender Gesellschafter:<br \/>\nG\u00fcnter Jung<\/p>\n<p><strong>Registergericht:\u00a0 <\/strong>Amtsgericht Siegen HRB 6957<br \/>\n<strong>Ust.-Id.-Nr.:<\/strong> DE 126176165,<\/p>\n<p>Inhaltlich Verantwortlicher gem\u00e4\u00df \u00a7 55 Absatz 2 MDStV:<br \/>\nG\u00fcnter Jung (Anschrift wie oben)<\/p>\n<p><strong>Haftungsausschluss:<\/strong><br \/>\nDie bereitgestellten Daten wurden gepr\u00fcft und werden regelm\u00e4\u00dfig aktualisiert. Jedoch kann keine Garantie daf\u00fcr \u00fcbernommen werden, dass alle Angaben zu jedem Zeitpunkt vollst\u00e4ndig und in letzter Aktualit\u00e4t dargestellt sind. Alle Angaben k\u00f6nnen ohne vorherige Ank\u00fcndigung erg\u00e4nzt, entfernt oder ge\u00e4ndert werden.<\/p>\n<p>Wir machen ausdr\u00fccklich darauf aufmerksam, dass wir trotz sorgf\u00e4ltiger inhaltlicher Kontrolle keine Haftung f\u00fcr die Inhalte externer Links \u00fcbernehmen. F\u00fcr den Inhalt der verlinkten Seiten sind ausschlie\u00dflich deren Betreiber verantwortlich.<\/p>\n<p>Copyright:<br \/>\nDie vorliegenden Inhalte (Texte, Abbildungen) dieser Website sind urheberrechtlich gesch\u00fctzt. Alle Rechte sind vorbehalten. Eine Nutzung von Dritten ohne vorherige Erlaubnis verst\u00f6\u00dft gegen die Bestimmungen des Urheberrechts und ist somit rechtswidrig.<\/p>\n","protected":false},"excerpt":{"rendered":"<p>G\u00fcnter Jung GmbH Steinbruchbetrieb Biggestr. 43 57462 Olpe Tel.: 02761\/5285 Fax: 02761\/40410 www.steinbruch-jung.de info@steinbruch-jung.de Gesch\u00e4ftsf\u00fchrender Gesellschafter: G\u00fcnter Jung Registergericht:\u00a0 Amtsgericht Siegen HRB 6957 Ust.-Id.-Nr.: DE 126176165, Inhaltlich Verantwortlicher gem\u00e4\u00df \u00a7 55 Absatz 2 MDStV: G\u00fcnter Jung (Anschrift wie oben) Haftungsausschluss: Die bereitgestellten Daten wurden gepr\u00fcft und werden regelm\u00e4\u00dfig aktualisiert. Jedoch kann keine Garantie daf\u00fcr \u00fcbernommen [&hellip;]<\/p>\n","protected":false},"author":1,"featured_media":0,"parent":0,"menu_order":10,"comment_status":"open","ping_status":"open","template":"","meta":[],"_links":{"self":[{"href":"https:\/\/www.steinbruch-jung.de\/index.php?rest_route=\/wp\/v2\/pages\/3"}],"collection":[{"href":"https:\/\/www.steinbruch-jung.de\/index.php?rest_route=\/wp\/v2\/pages"}],"about":[{"href":"https:\/\/www.steinbruch-jung.de\/index.php?rest_route=\/wp\/v2\/types\/page"}],"author":[{"embeddable":true,"href":"https:\/\/www.steinbruch-jung.de\/index.php?rest_route=\/wp\/v2\/users\/1"}],"replies":[{"embeddable":true,"href":"https:\/\/www.steinbruch-jung.de\/index.php?rest_route=%2Fwp%2Fv2%2Fcomments&post=3"}],"version-history":[{"count":7,"href":"https:\/\/www.steinbruch-jung.de\/index.php?rest_route=\/wp\/v2\/pages\/3\/revisions"}],"predecessor-version":[{"id":1089,"href":"https:\/\/www.steinbruch-jung.de\/index.php?rest_route=\/wp\/v2\/pages\/3\/revisions\/1089"}],"wp:attachment":[{"href":"https:\/\/www.steinbruch-jung.de\/index.php?rest_route=%2Fwp%2Fv2%2Fmedia&parent=3"}],"curies":[{"name":"wp","href":"https:\/\/api.w.org\/{rel}","templated":true}]}}