{"id":5,"date":"2009-06-06T09:26:52","date_gmt":"2009-06-06T07:26:52","guid":{"rendered":"http:\/\/www.steinbruch-jung.de\/?page_id=5"},"modified":"2015-02-04T10:45:37","modified_gmt":"2015-02-04T08:45:37","slug":"grauwacke-rcl-schuttguter","status":"publish","type":"page","link":"https:\/\/www.steinbruch-jung.de\/?page_id=5","title":{"rendered":"Sch\u00fcttg\u00fcter"},"content":{"rendered":"<p>Unsere Sch\u00fcttg\u00fcter unterteilen wir in drei Kategorien:<\/p>\n<p><strong>Grauwacke Sch\u00fcttg\u00fcter:<br \/>\n<\/strong>Alle dieser Kategorie zugeordneten\u00a0Materialien werden aus Grauwacke gewonnen und zum Endprodukt weiterverarbeitet.<\/p>\n<p><strong>Recycling Sch\u00fcttg\u00fcter:<br \/>\n<\/strong>Diese Sch\u00fcttg\u00fcter entstehen aus\u00a0recyceltem Bauschutt. Sie sind kosteng\u00fcnstig und umweltfreundlich, da\u00a0ausschlie\u00dflich gebrauchte Materialien wiederverwertet werden.<\/p>\n<p><strong>Sande, Kiese, Mutterboden:<br \/>\n<\/strong>Diese Kategorie\u00a0beinhaltet Sande, Kiese\u00a0und\u00a0Mutterboden in unterschiedlichen Qualit\u00e4ten.<\/p>\n\n\t\t<style type=\"text\/css\">\n\t\t\t#gallery-1 {\n\t\t\t\tmargin: auto;\n\t\t\t}\n\t\t\t#gallery-1 .gallery-item {\n\t\t\t\tfloat: left;\n\t\t\t\tmargin-top: 10px;\n\t\t\t\ttext-align: center;\n\t\t\t\twidth: 25%;\n\t\t\t}\n\t\t\t#gallery-1 img {\n\t\t\t\tborder: 2px solid #cfcfcf;\n\t\t\t}\n\t\t\t#gallery-1 .gallery-caption {\n\t\t\t\tmargin-left: 0;\n\t\t\t}\n\t\t\t\/* see gallery_shortcode() in wp-includes\/media.php *\/\n\t\t<\/style>\n\t\t<div id='gallery-1' class='gallery galleryid-5 gallery-columns-4 gallery-size-thumbnail'><dl class='gallery-item'>\n\t\t\t<dt class='gallery-icon landscape'>\n\t\t\t\t<a href='https:\/\/www.steinbruch-jung.de\/wp-content\/uploads\/2009\/06\/Steinsand.jpg'><img width=\"150\" height=\"150\" src=\"https:\/\/www.steinbruch-jung.de\/wp-content\/uploads\/2009\/06\/Steinsand-150x150.jpg\" class=\"attachment-thumbnail size-thumbnail\" alt=\"\" loading=\"lazy\" \/><\/a>\n\t\t\t<\/dt><\/dl><dl class='gallery-item'>\n\t\t\t<dt class='gallery-icon landscape'>\n\t\t\t\t<a href='https:\/\/www.steinbruch-jung.de\/wp-content\/uploads\/2009\/06\/RCL-1.jpg'><img width=\"150\" height=\"150\" src=\"https:\/\/www.steinbruch-jung.de\/wp-content\/uploads\/2009\/06\/RCL-1-150x150.jpg\" class=\"attachment-thumbnail size-thumbnail\" alt=\"\" loading=\"lazy\" \/><\/a>\n\t\t\t<\/dt><\/dl><dl class='gallery-item'>\n\t\t\t<dt class='gallery-icon landscape'>\n\t\t\t\t<a href='https:\/\/www.steinbruch-jung.de\/wp-content\/uploads\/2009\/06\/SDC10503.jpg'><img width=\"150\" height=\"150\" src=\"https:\/\/www.steinbruch-jung.de\/wp-content\/uploads\/2009\/06\/SDC10503-150x150.jpg\" class=\"attachment-thumbnail size-thumbnail\" alt=\"\" loading=\"lazy\" \/><\/a>\n\t\t\t<\/dt><\/dl><dl class='gallery-item'>\n\t\t\t<dt class='gallery-icon landscape'>\n\t\t\t\t<a href='https:\/\/www.steinbruch-jung.de\/wp-content\/uploads\/2009\/06\/Splitt-2_5.jpg'><img width=\"150\" height=\"150\" src=\"https:\/\/www.steinbruch-jung.de\/wp-content\/uploads\/2009\/06\/Splitt-2_5-150x150.jpg\" class=\"attachment-thumbnail size-thumbnail\" alt=\"\" loading=\"lazy\" \/><\/a>\n\t\t\t<\/dt><\/dl><br style=\"clear: both\" \/>\n\t\t<\/div>\n\n","protected":false},"excerpt":{"rendered":"<p>Unsere Sch\u00fcttg\u00fcter unterteilen wir in drei Kategorien: Grauwacke Sch\u00fcttg\u00fcter: Alle dieser Kategorie zugeordneten\u00a0Materialien werden aus Grauwacke gewonnen und zum Endprodukt weiterverarbeitet. Recycling Sch\u00fcttg\u00fcter: Diese Sch\u00fcttg\u00fcter entstehen aus\u00a0recyceltem Bauschutt. Sie sind kosteng\u00fcnstig und umweltfreundlich, da\u00a0ausschlie\u00dflich gebrauchte Materialien wiederverwertet werden. Sande, Kiese, Mutterboden: Diese Kategorie\u00a0beinhaltet Sande, Kiese\u00a0und\u00a0Mutterboden in unterschiedlichen Qualit\u00e4ten.<\/p>\n","protected":false},"author":1,"featured_media":0,"parent":0,"menu_order":1,"comment_status":"open","ping_status":"open","template":"","meta":[],"_links":{"self":[{"href":"https:\/\/www.steinbruch-jung.de\/index.php?rest_route=\/wp\/v2\/pages\/5"}],"collection":[{"href":"https:\/\/www.steinbruch-jung.de\/index.php?rest_route=\/wp\/v2\/pages"}],"about":[{"href":"https:\/\/www.steinbruch-jung.de\/index.php?rest_route=\/wp\/v2\/types\/page"}],"author":[{"embeddable":true,"href":"https:\/\/www.steinbruch-jung.de\/index.php?rest_route=\/wp\/v2\/users\/1"}],"replies":[{"embeddable":true,"href":"https:\/\/www.steinbruch-jung.de\/index.php?rest_route=%2Fwp%2Fv2%2Fcomments&post=5"}],"version-history":[{"count":30,"href":"https:\/\/www.steinbruch-jung.de\/index.php?rest_route=\/wp\/v2\/pages\/5\/revisions"}],"predecessor-version":[{"id":28,"href":"https:\/\/www.steinbruch-jung.de\/index.php?rest_route=\/wp\/v2\/pages\/5\/revisions\/28"}],"wp:attachment":[{"href":"https:\/\/www.steinbruch-jung.de\/index.php?rest_route=%2Fwp%2Fv2%2Fmedia&parent=5"}],"curies":[{"name":"wp","href":"https:\/\/api.w.org\/{rel}","templated":true}]}}