{"id":530,"date":"2012-02-27T17:37:32","date_gmt":"2012-02-27T15:37:32","guid":{"rendered":"http:\/\/www.steinbruch-jung.de\/?page_id=530"},"modified":"2012-03-01T19:28:29","modified_gmt":"2012-03-01T17:28:29","slug":"grauwacke-bruchsteinplatten","status":"publish","type":"page","link":"https:\/\/www.steinbruch-jung.de\/?page_id=530","title":{"rendered":"Grauwacke Bruchsteinplatten"},"content":{"rendered":"<p>Mit Grauwacke Bruchsteinplatten\u00a0k\u00f6nnen Sie\u00a0vielseitig und individuell Treppen, \u00a0Terassen, Wege und vieles mehr\u00a0gestalten. Die Platten sind in verschiedenen Gr\u00f6\u00dfen und Farbnuancen (grau, rot, braun) erh\u00e4ltlich &#8211; alle Platten sind\u00a0naturgebrochen.<\/p>\n\n\t\t<style type=\"text\/css\">\n\t\t\t#gallery-1 {\n\t\t\t\tmargin: auto;\n\t\t\t}\n\t\t\t#gallery-1 .gallery-item {\n\t\t\t\tfloat: left;\n\t\t\t\tmargin-top: 10px;\n\t\t\t\ttext-align: center;\n\t\t\t\twidth: 25%;\n\t\t\t}\n\t\t\t#gallery-1 img {\n\t\t\t\tborder: 2px solid #cfcfcf;\n\t\t\t}\n\t\t\t#gallery-1 .gallery-caption {\n\t\t\t\tmargin-left: 0;\n\t\t\t}\n\t\t\t\/* see gallery_shortcode() in wp-includes\/media.php *\/\n\t\t<\/style>\n\t\t<div id='gallery-1' class='gallery galleryid-530 gallery-columns-4 gallery-size-thumbnail'><dl class='gallery-item'>\n\t\t\t<dt class='gallery-icon portrait'>\n\t\t\t\t<a href='https:\/\/www.steinbruch-jung.de\/wp-content\/uploads\/2012\/02\/Grauwacke-Bruchsteinplatten.jpg'><img width=\"150\" height=\"150\" src=\"https:\/\/www.steinbruch-jung.de\/wp-content\/uploads\/2012\/02\/Grauwacke-Bruchsteinplatten-150x150.jpg\" class=\"attachment-thumbnail size-thumbnail\" alt=\"\" loading=\"lazy\" aria-describedby=\"gallery-1-532\" \/><\/a>\n\t\t\t<\/dt>\n\t\t\t\t<dd class='wp-caption-text gallery-caption' id='gallery-1-532'>\n\t\t\t\tTreppe aus Bruchsteinplatten\n\t\t\t\t<\/dd><\/dl><dl class='gallery-item'>\n\t\t\t<dt class='gallery-icon landscape'>\n\t\t\t\t<a href='https:\/\/www.steinbruch-jung.de\/wp-content\/uploads\/2012\/02\/Grauwacke-Bruchsteinplatten-2.jpg'><img width=\"150\" height=\"150\" src=\"https:\/\/www.steinbruch-jung.de\/wp-content\/uploads\/2012\/02\/Grauwacke-Bruchsteinplatten-2-150x150.jpg\" class=\"attachment-thumbnail size-thumbnail\" alt=\"\" loading=\"lazy\" aria-describedby=\"gallery-1-540\" \/><\/a>\n\t\t\t<\/dt>\n\t\t\t\t<dd class='wp-caption-text gallery-caption' id='gallery-1-540'>\n\t\t\t\tEingangsbereich aus Bruchsteinplatten\n\t\t\t\t<\/dd><\/dl><dl class='gallery-item'>\n\t\t\t<dt class='gallery-icon portrait'>\n\t\t\t\t<a href='https:\/\/www.steinbruch-jung.de\/wp-content\/uploads\/2012\/02\/Bruchsteinplatten-gro\u00df-e1330360846437.jpg'><img width=\"150\" height=\"150\" src=\"https:\/\/www.steinbruch-jung.de\/wp-content\/uploads\/2012\/02\/Bruchsteinplatten-gro\u00df-e1330360846437-150x150.jpg\" class=\"attachment-thumbnail size-thumbnail\" alt=\"\" loading=\"lazy\" aria-describedby=\"gallery-1-531\" \/><\/a>\n\t\t\t<\/dt>\n\t\t\t\t<dd class='wp-caption-text gallery-caption' id='gallery-1-531'>\n\t\t\t\tBruchsteinplatten, gro\u00df\n\t\t\t\t<\/dd><\/dl><dl class='gallery-item'>\n\t\t\t<dt class='gallery-icon landscape'>\n\t\t\t\t<a href='https:\/\/www.steinbruch-jung.de\/wp-content\/uploads\/2012\/02\/IMG_1195.jpg'><img width=\"150\" height=\"150\" src=\"https:\/\/www.steinbruch-jung.de\/wp-content\/uploads\/2012\/02\/IMG_1195-150x150.jpg\" class=\"attachment-thumbnail size-thumbnail\" alt=\"\" loading=\"lazy\" aria-describedby=\"gallery-1-539\" \/><\/a>\n\t\t\t<\/dt>\n\t\t\t\t<dd class='wp-caption-text gallery-caption' id='gallery-1-539'>\n\t\t\t\tEingangsbereich aus Bruchsteinplatten\n\t\t\t\t<\/dd><\/dl><br style=\"clear: both\" \/><dl class='gallery-item'>\n\t\t\t<dt class='gallery-icon portrait'>\n\t\t\t\t<a href='https:\/\/www.steinbruch-jung.de\/wp-content\/uploads\/2012\/02\/04-mauer-3.jpg'><img width=\"150\" height=\"150\" src=\"https:\/\/www.steinbruch-jung.de\/wp-content\/uploads\/2012\/02\/04-mauer-3-150x150.jpg\" class=\"attachment-thumbnail size-thumbnail\" alt=\"\" loading=\"lazy\" aria-describedby=\"gallery-1-541\" \/><\/a>\n\t\t\t<\/dt>\n\t\t\t\t<dd class='wp-caption-text gallery-caption' id='gallery-1-541'>\n\t\t\t\tTreppenaufgang aus Bruchsteinplatten\n\t\t\t\t<\/dd><\/dl><dl class='gallery-item'>\n\t\t\t<dt class='gallery-icon landscape'>\n\t\t\t\t<a href='https:\/\/www.steinbruch-jung.de\/wp-content\/uploads\/2012\/02\/bepflanzung_0054.png'><img width=\"150\" height=\"150\" src=\"https:\/\/www.steinbruch-jung.de\/wp-content\/uploads\/2012\/02\/bepflanzung_0054-150x150.png\" class=\"attachment-thumbnail size-thumbnail\" alt=\"\" loading=\"lazy\" aria-describedby=\"gallery-1-545\" \/><\/a>\n\t\t\t<\/dt>\n\t\t\t\t<dd class='wp-caption-text gallery-caption' id='gallery-1-545'>\n\t\t\t\tTreppe aus Bruchsteinplatten\n\t\t\t\t<\/dd><\/dl>\n\t\t\t<br style='clear: both' \/>\n\t\t<\/div>\n\n","protected":false},"excerpt":{"rendered":"<p>Mit Grauwacke Bruchsteinplatten\u00a0k\u00f6nnen Sie\u00a0vielseitig und individuell Treppen, \u00a0Terassen, Wege und vieles mehr\u00a0gestalten. Die Platten sind in verschiedenen Gr\u00f6\u00dfen und Farbnuancen (grau, rot, braun) erh\u00e4ltlich &#8211; alle Platten sind\u00a0naturgebrochen.<\/p>\n","protected":false},"author":2,"featured_media":0,"parent":9,"menu_order":0,"comment_status":"open","ping_status":"open","template":"","meta":[],"_links":{"self":[{"href":"https:\/\/www.steinbruch-jung.de\/index.php?rest_route=\/wp\/v2\/pages\/530"}],"collection":[{"href":"https:\/\/www.steinbruch-jung.de\/index.php?rest_route=\/wp\/v2\/pages"}],"about":[{"href":"https:\/\/www.steinbruch-jung.de\/index.php?rest_route=\/wp\/v2\/types\/page"}],"author":[{"embeddable":true,"href":"https:\/\/www.steinbruch-jung.de\/index.php?rest_route=\/wp\/v2\/users\/2"}],"replies":[{"embeddable":true,"href":"https:\/\/www.steinbruch-jung.de\/index.php?rest_route=%2Fwp%2Fv2%2Fcomments&post=530"}],"version-history":[{"count":9,"href":"https:\/\/www.steinbruch-jung.de\/index.php?rest_route=\/wp\/v2\/pages\/530\/revisions"}],"predecessor-version":[{"id":538,"href":"https:\/\/www.steinbruch-jung.de\/index.php?rest_route=\/wp\/v2\/pages\/530\/revisions\/538"}],"up":[{"embeddable":true,"href":"https:\/\/www.steinbruch-jung.de\/index.php?rest_route=\/wp\/v2\/pages\/9"}],"wp:attachment":[{"href":"https:\/\/www.steinbruch-jung.de\/index.php?rest_route=%2Fwp%2Fv2%2Fmedia&parent=530"}],"curies":[{"name":"wp","href":"https:\/\/api.w.org\/{rel}","templated":true}]}}