{"id":547,"date":"2012-02-27T19:03:27","date_gmt":"2012-02-27T17:03:27","guid":{"rendered":"http:\/\/www.steinbruch-jung.de\/?page_id=547"},"modified":"2018-07-10T15:39:30","modified_gmt":"2018-07-10T13:39:30","slug":"grauwacke-ziersteine","status":"publish","type":"page","link":"https:\/\/www.steinbruch-jung.de\/?page_id=547","title":{"rendered":"Grauwacke Ziersteine"},"content":{"rendered":"<p>Das besondere Gestaltungselement f\u00fcr G\u00e4rten, Einfahrten, Grundst\u00fccksbegrenzungen etc &#8211; und sowohl im Sommer als auch im Winter dekorativ.\n\t\t<style type=\"text\/css\">\n\t\t\t#gallery-1 {\n\t\t\t\tmargin: auto;\n\t\t\t}\n\t\t\t#gallery-1 .gallery-item {\n\t\t\t\tfloat: left;\n\t\t\t\tmargin-top: 10px;\n\t\t\t\ttext-align: center;\n\t\t\t\twidth: 25%;\n\t\t\t}\n\t\t\t#gallery-1 img {\n\t\t\t\tborder: 2px solid #cfcfcf;\n\t\t\t}\n\t\t\t#gallery-1 .gallery-caption {\n\t\t\t\tmargin-left: 0;\n\t\t\t}\n\t\t\t\/* see gallery_shortcode() in wp-includes\/media.php *\/\n\t\t<\/style>\n\t\t<div id='gallery-1' class='gallery galleryid-547 gallery-columns-4 gallery-size-thumbnail'><dl class='gallery-item'>\n\t\t\t<dt class='gallery-icon landscape'>\n\t\t\t\t<a href='https:\/\/www.steinbruch-jung.de\/wp-content\/uploads\/2012\/02\/03-Mauer3.jpg'><img width=\"150\" height=\"150\" src=\"https:\/\/www.steinbruch-jung.de\/wp-content\/uploads\/2012\/02\/03-Mauer3-150x150.jpg\" class=\"attachment-thumbnail size-thumbnail\" alt=\"\" loading=\"lazy\" \/><\/a>\n\t\t\t<\/dt><\/dl><dl class='gallery-item'>\n\t\t\t<dt class='gallery-icon portrait'>\n\t\t\t\t<a href='https:\/\/www.steinbruch-jung.de\/wp-content\/uploads\/2012\/02\/Grauwacke-Bruchsteine_Einzelst\u00fccke-8.jpg'><img width=\"150\" height=\"150\" src=\"https:\/\/www.steinbruch-jung.de\/wp-content\/uploads\/2012\/02\/Grauwacke-Bruchsteine_Einzelst\u00fccke-8-150x150.jpg\" class=\"attachment-thumbnail size-thumbnail\" alt=\"\" loading=\"lazy\" \/><\/a>\n\t\t\t<\/dt><\/dl><dl class='gallery-item'>\n\t\t\t<dt class='gallery-icon portrait'>\n\t\t\t\t<a href='https:\/\/www.steinbruch-jung.de\/wp-content\/uploads\/2012\/02\/Grauwacke-Bruchsteine_Einzelst\u00fccke-7.jpg'><img width=\"150\" height=\"150\" src=\"https:\/\/www.steinbruch-jung.de\/wp-content\/uploads\/2012\/02\/Grauwacke-Bruchsteine_Einzelst\u00fccke-7-150x150.jpg\" class=\"attachment-thumbnail size-thumbnail\" alt=\"\" loading=\"lazy\" \/><\/a>\n\t\t\t<\/dt><\/dl><dl class='gallery-item'>\n\t\t\t<dt class='gallery-icon portrait'>\n\t\t\t\t<a href='https:\/\/www.steinbruch-jung.de\/wp-content\/uploads\/2012\/02\/Grauwacke-Bruchsteine_Einzelst\u00fccke-6.jpg'><img width=\"150\" height=\"150\" src=\"https:\/\/www.steinbruch-jung.de\/wp-content\/uploads\/2012\/02\/Grauwacke-Bruchsteine_Einzelst\u00fccke-6-150x150.jpg\" class=\"attachment-thumbnail size-thumbnail\" alt=\"\" loading=\"lazy\" \/><\/a>\n\t\t\t<\/dt><\/dl><br style=\"clear: both\" \/><dl class='gallery-item'>\n\t\t\t<dt class='gallery-icon landscape'>\n\t\t\t\t<a href='https:\/\/www.steinbruch-jung.de\/wp-content\/uploads\/2012\/02\/Grauwacke-Bruchsteine_Einzelst\u00fccke-5.jpg'><img width=\"150\" height=\"150\" src=\"https:\/\/www.steinbruch-jung.de\/wp-content\/uploads\/2012\/02\/Grauwacke-Bruchsteine_Einzelst\u00fccke-5-150x150.jpg\" class=\"attachment-thumbnail size-thumbnail\" alt=\"\" loading=\"lazy\" \/><\/a>\n\t\t\t<\/dt><\/dl><dl class='gallery-item'>\n\t\t\t<dt class='gallery-icon portrait'>\n\t\t\t\t<a href='https:\/\/www.steinbruch-jung.de\/wp-content\/uploads\/2012\/02\/Grauwacke-Bruchsteine_Einzelst\u00fccke-4.jpg'><img width=\"150\" height=\"150\" src=\"https:\/\/www.steinbruch-jung.de\/wp-content\/uploads\/2012\/02\/Grauwacke-Bruchsteine_Einzelst\u00fccke-4-150x150.jpg\" class=\"attachment-thumbnail size-thumbnail\" alt=\"\" loading=\"lazy\" \/><\/a>\n\t\t\t<\/dt><\/dl><dl class='gallery-item'>\n\t\t\t<dt class='gallery-icon portrait'>\n\t\t\t\t<a href='https:\/\/www.steinbruch-jung.de\/wp-content\/uploads\/2012\/02\/Grauwacke-Bruchsteine_Einzelst\u00fccke-3.jpg'><img width=\"150\" height=\"150\" src=\"https:\/\/www.steinbruch-jung.de\/wp-content\/uploads\/2012\/02\/Grauwacke-Bruchsteine_Einzelst\u00fccke-3-150x150.jpg\" class=\"attachment-thumbnail size-thumbnail\" alt=\"\" loading=\"lazy\" \/><\/a>\n\t\t\t<\/dt><\/dl><dl class='gallery-item'>\n\t\t\t<dt class='gallery-icon portrait'>\n\t\t\t\t<a href='https:\/\/www.steinbruch-jung.de\/wp-content\/uploads\/2012\/02\/Grauwacke-Bruchsteine_Einzelst\u00fccke-2.jpg'><img width=\"150\" height=\"150\" src=\"https:\/\/www.steinbruch-jung.de\/wp-content\/uploads\/2012\/02\/Grauwacke-Bruchsteine_Einzelst\u00fccke-2-150x150.jpg\" class=\"attachment-thumbnail size-thumbnail\" alt=\"\" loading=\"lazy\" \/><\/a>\n\t\t\t<\/dt><\/dl><br style=\"clear: both\" \/><dl class='gallery-item'>\n\t\t\t<dt class='gallery-icon landscape'>\n\t\t\t\t<a href='https:\/\/www.steinbruch-jung.de\/wp-content\/uploads\/2012\/02\/Grauwacke-Bruchsteine_Einzelst\u00fccke-1.jpg'><img width=\"150\" height=\"150\" src=\"https:\/\/www.steinbruch-jung.de\/wp-content\/uploads\/2012\/02\/Grauwacke-Bruchsteine_Einzelst\u00fccke-1-150x150.jpg\" class=\"attachment-thumbnail size-thumbnail\" alt=\"\" loading=\"lazy\" \/><\/a>\n\t\t\t<\/dt><\/dl><dl class='gallery-item'>\n\t\t\t<dt class='gallery-icon portrait'>\n\t\t\t\t<a href='https:\/\/www.steinbruch-jung.de\/wp-content\/uploads\/2012\/02\/Grauwacke-Bruchsteine_Einzelst\u00fccke1.jpg'><img width=\"150\" height=\"150\" src=\"https:\/\/www.steinbruch-jung.de\/wp-content\/uploads\/2012\/02\/Grauwacke-Bruchsteine_Einzelst\u00fccke1-150x150.jpg\" class=\"attachment-thumbnail size-thumbnail\" alt=\"\" loading=\"lazy\" \/><\/a>\n\t\t\t<\/dt><\/dl><dl class='gallery-item'>\n\t\t\t<dt class='gallery-icon landscape'>\n\t\t\t\t<a href='https:\/\/www.steinbruch-jung.de\/wp-content\/uploads\/2012\/02\/IMG_3195.jpg'><img width=\"150\" height=\"150\" src=\"https:\/\/www.steinbruch-jung.de\/wp-content\/uploads\/2012\/02\/IMG_3195-150x150.jpg\" class=\"attachment-thumbnail size-thumbnail\" alt=\"\" loading=\"lazy\" \/><\/a>\n\t\t\t<\/dt><\/dl><dl class='gallery-item'>\n\t\t\t<dt class='gallery-icon landscape'>\n\t\t\t\t<a href='https:\/\/www.steinbruch-jung.de\/wp-content\/uploads\/2012\/02\/IMG_3190.jpg'><img width=\"150\" height=\"150\" src=\"https:\/\/www.steinbruch-jung.de\/wp-content\/uploads\/2012\/02\/IMG_3190-150x150.jpg\" class=\"attachment-thumbnail size-thumbnail\" alt=\"\" loading=\"lazy\" \/><\/a>\n\t\t\t<\/dt><\/dl><br style=\"clear: both\" \/><dl class='gallery-item'>\n\t\t\t<dt class='gallery-icon portrait'>\n\t\t\t\t<a href='https:\/\/www.steinbruch-jung.de\/wp-content\/uploads\/2012\/02\/IMG_3191.jpg'><img width=\"150\" height=\"150\" src=\"https:\/\/www.steinbruch-jung.de\/wp-content\/uploads\/2012\/02\/IMG_3191-150x150.jpg\" class=\"attachment-thumbnail size-thumbnail\" alt=\"\" loading=\"lazy\" \/><\/a>\n\t\t\t<\/dt><\/dl><dl class='gallery-item'>\n\t\t\t<dt class='gallery-icon landscape'>\n\t\t\t\t<a href='https:\/\/www.steinbruch-jung.de\/wp-content\/uploads\/2012\/02\/IMG_3193.jpg'><img width=\"150\" height=\"150\" src=\"https:\/\/www.steinbruch-jung.de\/wp-content\/uploads\/2012\/02\/IMG_3193-150x150.jpg\" class=\"attachment-thumbnail size-thumbnail\" alt=\"\" loading=\"lazy\" \/><\/a>\n\t\t\t<\/dt><\/dl><dl class='gallery-item'>\n\t\t\t<dt class='gallery-icon landscape'>\n\t\t\t\t<a href='https:\/\/www.steinbruch-jung.de\/wp-content\/uploads\/2012\/02\/IMG_3194.jpg'><img width=\"150\" height=\"150\" src=\"https:\/\/www.steinbruch-jung.de\/wp-content\/uploads\/2012\/02\/IMG_3194-150x150.jpg\" class=\"attachment-thumbnail size-thumbnail\" alt=\"\" loading=\"lazy\" \/><\/a>\n\t\t\t<\/dt><\/dl>\n\t\t\t<br style='clear: both' \/>\n\t\t<\/div>\n<\/p>\n","protected":false},"excerpt":{"rendered":"<p>Das besondere Gestaltungselement f\u00fcr G\u00e4rten, Einfahrten, Grundst\u00fccksbegrenzungen etc &#8211; und sowohl im Sommer als auch im Winter dekorativ.<\/p>\n","protected":false},"author":2,"featured_media":0,"parent":9,"menu_order":0,"comment_status":"open","ping_status":"open","template":"","meta":[],"_links":{"self":[{"href":"https:\/\/www.steinbruch-jung.de\/index.php?rest_route=\/wp\/v2\/pages\/547"}],"collection":[{"href":"https:\/\/www.steinbruch-jung.de\/index.php?rest_route=\/wp\/v2\/pages"}],"about":[{"href":"https:\/\/www.steinbruch-jung.de\/index.php?rest_route=\/wp\/v2\/types\/page"}],"author":[{"embeddable":true,"href":"https:\/\/www.steinbruch-jung.de\/index.php?rest_route=\/wp\/v2\/users\/2"}],"replies":[{"embeddable":true,"href":"https:\/\/www.steinbruch-jung.de\/index.php?rest_route=%2Fwp%2Fv2%2Fcomments&post=547"}],"version-history":[{"count":11,"href":"https:\/\/www.steinbruch-jung.de\/index.php?rest_route=\/wp\/v2\/pages\/547\/revisions"}],"predecessor-version":[{"id":560,"href":"https:\/\/www.steinbruch-jung.de\/index.php?rest_route=\/wp\/v2\/pages\/547\/revisions\/560"}],"up":[{"embeddable":true,"href":"https:\/\/www.steinbruch-jung.de\/index.php?rest_route=\/wp\/v2\/pages\/9"}],"wp:attachment":[{"href":"https:\/\/www.steinbruch-jung.de\/index.php?rest_route=%2Fwp%2Fv2%2Fmedia&parent=547"}],"curies":[{"name":"wp","href":"https:\/\/api.w.org\/{rel}","templated":true}]}}