{"id":564,"date":"2012-02-27T19:28:50","date_gmt":"2012-02-27T17:28:50","guid":{"rendered":"http:\/\/www.steinbruch-jung.de\/?page_id=564"},"modified":"2020-05-06T11:33:35","modified_gmt":"2020-05-06T09:33:35","slug":"grauwacke-bruchsteine-2","status":"publish","type":"page","link":"https:\/\/www.steinbruch-jung.de\/?page_id=564","title":{"rendered":"Grauwacke Bruchsteine \/ Quadersteine"},"content":{"rendered":"<p>Unsere Grauwacke-Bruch-\/Quadersteine eignen sich optimal\u00a0zur Gestaltung von Trockenmauern, Beeteinfassungen und \u00e4hnlichem. Die Steine haben einen hohen Zierwert und sind au\u00dferdem langlebig &#8211; da witterungs- und frostbest\u00e4ndig.<\/p>\n<p>Gr\u00f6\u00dfensortierungen:<\/p>\n<p><strong>Bruchsteine ca. 200\/400 mm:<br \/>\n<\/strong>f\u00fcr kleine Mauern, flache Beeteinfassungen; Setzen per Hand mit Hilfsmitteln m\u00f6glich<\/p>\n<p><strong>naturgebrochene Grauwacke Quadersteine ca. 400\/800 mm:<br \/>\n<\/strong>f\u00fcr mittlere bis gro\u00dfe Mauern, Wegbegrenzungen; Maschineneinsatz erforderlich<\/p>\n<p><strong>naturgebrochene Grauwacke Quadersteine ca. 800\/X mm:<br \/>\n<\/strong>f\u00fcr sehr gro\u00dfe Mauern; Maschineneinsatz erforderlich<\/p>\n\n\t\t<style type=\"text\/css\">\n\t\t\t#gallery-1 {\n\t\t\t\tmargin: auto;\n\t\t\t}\n\t\t\t#gallery-1 .gallery-item {\n\t\t\t\tfloat: left;\n\t\t\t\tmargin-top: 10px;\n\t\t\t\ttext-align: center;\n\t\t\t\twidth: 25%;\n\t\t\t}\n\t\t\t#gallery-1 img {\n\t\t\t\tborder: 2px solid #cfcfcf;\n\t\t\t}\n\t\t\t#gallery-1 .gallery-caption {\n\t\t\t\tmargin-left: 0;\n\t\t\t}\n\t\t\t\/* see gallery_shortcode() in wp-includes\/media.php *\/\n\t\t<\/style>\n\t\t<div id='gallery-1' class='gallery galleryid-564 gallery-columns-4 gallery-size-thumbnail'><dl class='gallery-item'>\n\t\t\t<dt class='gallery-icon landscape'>\n\t\t\t\t<a href='https:\/\/www.steinbruch-jung.de\/wp-content\/uploads\/2012\/02\/IMG_4838.jpg'><img width=\"150\" height=\"150\" src=\"https:\/\/www.steinbruch-jung.de\/wp-content\/uploads\/2012\/02\/IMG_4838-150x150.jpg\" class=\"attachment-thumbnail size-thumbnail\" alt=\"\" loading=\"lazy\" \/><\/a>\n\t\t\t<\/dt><\/dl><dl class='gallery-item'>\n\t\t\t<dt class='gallery-icon landscape'>\n\t\t\t\t<a href='https:\/\/www.steinbruch-jung.de\/wp-content\/uploads\/2012\/02\/IMG_4835.jpg'><img width=\"150\" height=\"150\" src=\"https:\/\/www.steinbruch-jung.de\/wp-content\/uploads\/2012\/02\/IMG_4835-150x150.jpg\" class=\"attachment-thumbnail size-thumbnail\" alt=\"\" loading=\"lazy\" \/><\/a>\n\t\t\t<\/dt><\/dl><dl class='gallery-item'>\n\t\t\t<dt class='gallery-icon landscape'>\n\t\t\t\t<a href='https:\/\/www.steinbruch-jung.de\/wp-content\/uploads\/2012\/02\/IMG_4844.jpg'><img width=\"150\" height=\"150\" src=\"https:\/\/www.steinbruch-jung.de\/wp-content\/uploads\/2012\/02\/IMG_4844-150x150.jpg\" class=\"attachment-thumbnail size-thumbnail\" alt=\"\" loading=\"lazy\" \/><\/a>\n\t\t\t<\/dt><\/dl><dl class='gallery-item'>\n\t\t\t<dt class='gallery-icon landscape'>\n\t\t\t\t<a href='https:\/\/www.steinbruch-jung.de\/wp-content\/uploads\/2012\/02\/IMG_4839.jpg'><img width=\"150\" height=\"150\" src=\"https:\/\/www.steinbruch-jung.de\/wp-content\/uploads\/2012\/02\/IMG_4839-150x150.jpg\" class=\"attachment-thumbnail size-thumbnail\" alt=\"\" loading=\"lazy\" aria-describedby=\"gallery-1-992\" \/><\/a>\n\t\t\t<\/dt>\n\t\t\t\t<dd class='wp-caption-text gallery-caption' id='gallery-1-992'>\n\t\t\t\tBruchsteine 200_400\n\t\t\t\t<\/dd><\/dl><br style=\"clear: both\" \/><dl class='gallery-item'>\n\t\t\t<dt class='gallery-icon landscape'>\n\t\t\t\t<a href='https:\/\/www.steinbruch-jung.de\/wp-content\/uploads\/2012\/02\/Bruchsteine-400_800.jpg'><img width=\"150\" height=\"150\" src=\"https:\/\/www.steinbruch-jung.de\/wp-content\/uploads\/2012\/02\/Bruchsteine-400_800-150x150.jpg\" class=\"attachment-thumbnail size-thumbnail\" alt=\"\" loading=\"lazy\" \/><\/a>\n\t\t\t<\/dt><\/dl><dl class='gallery-item'>\n\t\t\t<dt class='gallery-icon landscape'>\n\t\t\t\t<a href='https:\/\/www.steinbruch-jung.de\/wp-content\/uploads\/2012\/02\/Bruchsteine-400_800-2.jpg'><img width=\"150\" height=\"150\" src=\"https:\/\/www.steinbruch-jung.de\/wp-content\/uploads\/2012\/02\/Bruchsteine-400_800-2-150x150.jpg\" class=\"attachment-thumbnail size-thumbnail\" alt=\"\" loading=\"lazy\" \/><\/a>\n\t\t\t<\/dt><\/dl><dl class='gallery-item'>\n\t\t\t<dt class='gallery-icon landscape'>\n\t\t\t\t<a href='https:\/\/www.steinbruch-jung.de\/wp-content\/uploads\/2012\/02\/Bruchsteine-400_800-4.jpg'><img width=\"150\" height=\"150\" src=\"https:\/\/www.steinbruch-jung.de\/wp-content\/uploads\/2012\/02\/Bruchsteine-400_800-4-150x150.jpg\" class=\"attachment-thumbnail size-thumbnail\" alt=\"\" loading=\"lazy\" \/><\/a>\n\t\t\t<\/dt><\/dl><dl class='gallery-item'>\n\t\t\t<dt class='gallery-icon landscape'>\n\t\t\t\t<a href='https:\/\/www.steinbruch-jung.de\/wp-content\/uploads\/2012\/02\/Bruchsteine-400_800-5.jpg'><img width=\"150\" height=\"150\" src=\"https:\/\/www.steinbruch-jung.de\/wp-content\/uploads\/2012\/02\/Bruchsteine-400_800-5-150x150.jpg\" class=\"attachment-thumbnail size-thumbnail\" alt=\"\" loading=\"lazy\" aria-describedby=\"gallery-1-578\" \/><\/a>\n\t\t\t<\/dt>\n\t\t\t\t<dd class='wp-caption-text gallery-caption' id='gallery-1-578'>\n\t\t\t\tnaturgebrochene Grauwacke-Quadersteine 400_800\n\t\t\t\t<\/dd><\/dl><br style=\"clear: both\" \/><dl class='gallery-item'>\n\t\t\t<dt class='gallery-icon landscape'>\n\t\t\t\t<a href='https:\/\/www.steinbruch-jung.de\/wp-content\/uploads\/2012\/02\/Bruchsteine-800_X.jpg'><img width=\"150\" height=\"150\" src=\"https:\/\/www.steinbruch-jung.de\/wp-content\/uploads\/2012\/02\/Bruchsteine-800_X-150x150.jpg\" class=\"attachment-thumbnail size-thumbnail\" alt=\"\" loading=\"lazy\" \/><\/a>\n\t\t\t<\/dt><\/dl><dl class='gallery-item'>\n\t\t\t<dt class='gallery-icon landscape'>\n\t\t\t\t<a href='https:\/\/www.steinbruch-jung.de\/wp-content\/uploads\/2012\/02\/Bruchsteine-800_X-2.jpg'><img width=\"150\" height=\"150\" src=\"https:\/\/www.steinbruch-jung.de\/wp-content\/uploads\/2012\/02\/Bruchsteine-800_X-2-150x150.jpg\" class=\"attachment-thumbnail size-thumbnail\" alt=\"\" loading=\"lazy\" \/><\/a>\n\t\t\t<\/dt><\/dl><dl class='gallery-item'>\n\t\t\t<dt class='gallery-icon landscape'>\n\t\t\t\t<a href='https:\/\/www.steinbruch-jung.de\/wp-content\/uploads\/2012\/02\/Bruchsteine-800_X-3.jpg'><img width=\"150\" height=\"150\" src=\"https:\/\/www.steinbruch-jung.de\/wp-content\/uploads\/2012\/02\/Bruchsteine-800_X-3-150x150.jpg\" class=\"attachment-thumbnail size-thumbnail\" alt=\"\" loading=\"lazy\" \/><\/a>\n\t\t\t<\/dt><\/dl><dl class='gallery-item'>\n\t\t\t<dt class='gallery-icon landscape'>\n\t\t\t\t<a href='https:\/\/www.steinbruch-jung.de\/wp-content\/uploads\/2012\/02\/Bruchsteine-800_X-4.jpg'><img width=\"150\" height=\"150\" src=\"https:\/\/www.steinbruch-jung.de\/wp-content\/uploads\/2012\/02\/Bruchsteine-800_X-4-150x150.jpg\" class=\"attachment-thumbnail size-thumbnail\" alt=\"\" loading=\"lazy\" aria-describedby=\"gallery-1-582\" \/><\/a>\n\t\t\t<\/dt>\n\t\t\t\t<dd class='wp-caption-text gallery-caption' id='gallery-1-582'>\n\t\t\t\tnaturgebrochene Grauwacke-Quadersteine 800_X\n\t\t\t\t<\/dd><\/dl><br style=\"clear: both\" \/>\n\t\t<\/div>\n\n","protected":false},"excerpt":{"rendered":"<p>Unsere Grauwacke-Bruch-\/Quadersteine eignen sich optimal\u00a0zur Gestaltung von Trockenmauern, Beeteinfassungen und \u00e4hnlichem. Die Steine haben einen hohen Zierwert und sind au\u00dferdem langlebig &#8211; da witterungs- und frostbest\u00e4ndig. Gr\u00f6\u00dfensortierungen: Bruchsteine ca. 200\/400 mm: f\u00fcr kleine Mauern, flache Beeteinfassungen; Setzen per Hand mit Hilfsmitteln m\u00f6glich naturgebrochene Grauwacke Quadersteine ca. 400\/800 mm: f\u00fcr mittlere bis gro\u00dfe Mauern, Wegbegrenzungen; Maschineneinsatz [&hellip;]<\/p>\n","protected":false},"author":2,"featured_media":0,"parent":0,"menu_order":2,"comment_status":"open","ping_status":"open","template":"","meta":[],"_links":{"self":[{"href":"https:\/\/www.steinbruch-jung.de\/index.php?rest_route=\/wp\/v2\/pages\/564"}],"collection":[{"href":"https:\/\/www.steinbruch-jung.de\/index.php?rest_route=\/wp\/v2\/pages"}],"about":[{"href":"https:\/\/www.steinbruch-jung.de\/index.php?rest_route=\/wp\/v2\/types\/page"}],"author":[{"embeddable":true,"href":"https:\/\/www.steinbruch-jung.de\/index.php?rest_route=\/wp\/v2\/users\/2"}],"replies":[{"embeddable":true,"href":"https:\/\/www.steinbruch-jung.de\/index.php?rest_route=%2Fwp%2Fv2%2Fcomments&post=564"}],"version-history":[{"count":22,"href":"https:\/\/www.steinbruch-jung.de\/index.php?rest_route=\/wp\/v2\/pages\/564\/revisions"}],"predecessor-version":[{"id":570,"href":"https:\/\/www.steinbruch-jung.de\/index.php?rest_route=\/wp\/v2\/pages\/564\/revisions\/570"}],"wp:attachment":[{"href":"https:\/\/www.steinbruch-jung.de\/index.php?rest_route=%2Fwp%2Fv2%2Fmedia&parent=564"}],"curies":[{"name":"wp","href":"https:\/\/api.w.org\/{rel}","templated":true}]}}