{"id":808,"date":"2012-02-28T23:56:05","date_gmt":"2012-02-28T21:56:05","guid":{"rendered":"http:\/\/www.steinbruch-jung.de\/?page_id=808"},"modified":"2012-03-05T20:08:53","modified_gmt":"2012-03-05T18:08:53","slug":"grauwacke-schuttguter","status":"publish","type":"page","link":"https:\/\/www.steinbruch-jung.de\/?page_id=808","title":{"rendered":"Grauwacke-Sch\u00fcttg\u00fcter"},"content":{"rendered":"<ul>\n<li>Steinsand 0\/2: Ummantelung von Rohr- und Elektroleitungen, Verfugen von Pflasterfl\u00e4chen, auch als Pflasterbett geeignet<\/li>\n<li>Steinsand 0\/8: Wegebaumaterial, als Deckschicht bei wassergebundenen Wegen, Rohrummantelung<\/li>\n<li>Splitt 0\/5: als Pflasterbett<\/li>\n<li>Splitt 2\/8: als Pflasterbett, Wegebausplitt, Deckschicht bei Wegen<\/li>\n<li>Splitt 8\/11: Verf\u00fcllen von Rohrleitungen, Deckschicht bei Wegen<\/li>\n<li>Splitt 11\/16: Drainage, Verf\u00fcllen von Rohrleitungen, Deckschicht bei Wegen<\/li>\n<li>Splitt 16\/22: Drainage<\/li>\n<li>Splittgemisch 32\/56: Drainage\u00a0<\/li>\n<li>Baustoffgemisch 0\/45:\u00a0Frostschutzschicht nach EN 13285, Unterbau<\/li>\n<li>Grobschlag 60\/120: Tragschichten in schlecht tragf\u00e4higem Gel\u00e4nde<\/li>\n<li>Spritzschutz-\/Gabionenmaterial 60\/120: als Spritzschutz, zum Bef\u00fcllen von Gabionen, f\u00fcr Steing\u00e4rten<\/li>\n<li>Vorabsiebung 0\/32: verdichtbarer F\u00fcllboden<\/li>\n<li>Vorabsiebung 0\/45: verdichtbarer F\u00fcllboden<\/li>\n<\/ul>\n","protected":false},"excerpt":{"rendered":"<p>Steinsand 0\/2: Ummantelung von Rohr- und Elektroleitungen, Verfugen von Pflasterfl\u00e4chen, auch als Pflasterbett geeignet Steinsand 0\/8: Wegebaumaterial, als Deckschicht bei wassergebundenen Wegen, Rohrummantelung Splitt 0\/5: als Pflasterbett Splitt 2\/8: als Pflasterbett, Wegebausplitt, Deckschicht bei Wegen Splitt 8\/11: Verf\u00fcllen von Rohrleitungen, Deckschicht bei Wegen Splitt 11\/16: Drainage, Verf\u00fcllen von Rohrleitungen, Deckschicht bei Wegen Splitt 16\/22: Drainage [&hellip;]<\/p>\n","protected":false},"author":2,"featured_media":0,"parent":5,"menu_order":0,"comment_status":"open","ping_status":"open","template":"","meta":[],"_links":{"self":[{"href":"https:\/\/www.steinbruch-jung.de\/index.php?rest_route=\/wp\/v2\/pages\/808"}],"collection":[{"href":"https:\/\/www.steinbruch-jung.de\/index.php?rest_route=\/wp\/v2\/pages"}],"about":[{"href":"https:\/\/www.steinbruch-jung.de\/index.php?rest_route=\/wp\/v2\/types\/page"}],"author":[{"embeddable":true,"href":"https:\/\/www.steinbruch-jung.de\/index.php?rest_route=\/wp\/v2\/users\/2"}],"replies":[{"embeddable":true,"href":"https:\/\/www.steinbruch-jung.de\/index.php?rest_route=%2Fwp%2Fv2%2Fcomments&post=808"}],"version-history":[{"count":9,"href":"https:\/\/www.steinbruch-jung.de\/index.php?rest_route=\/wp\/v2\/pages\/808\/revisions"}],"predecessor-version":[{"id":883,"href":"https:\/\/www.steinbruch-jung.de\/index.php?rest_route=\/wp\/v2\/pages\/808\/revisions\/883"}],"up":[{"embeddable":true,"href":"https:\/\/www.steinbruch-jung.de\/index.php?rest_route=\/wp\/v2\/pages\/5"}],"wp:attachment":[{"href":"https:\/\/www.steinbruch-jung.de\/index.php?rest_route=%2Fwp%2Fv2%2Fmedia&parent=808"}],"curies":[{"name":"wp","href":"https:\/\/api.w.org\/{rel}","templated":true}]}}