{"id":809,"date":"2012-02-28T23:56:54","date_gmt":"2012-02-28T21:56:54","guid":{"rendered":"http:\/\/www.steinbruch-jung.de\/?page_id=809"},"modified":"2012-03-05T20:09:39","modified_gmt":"2012-03-05T18:09:39","slug":"recycling-schuttguter","status":"publish","type":"page","link":"https:\/\/www.steinbruch-jung.de\/?page_id=809","title":{"rendered":"Recycling-Sch\u00fcttg\u00fcter"},"content":{"rendered":"<p>Um nachhaltig Ressourcen zu schonen, werden Beton und Baustoffe in unserem Betrieb wiederverwertert &#8211; daraus entstehen RCL-Sch\u00fcttg\u00fcter, die kosteng\u00fcnstig sind und optimale Materialeigenschaften vorweisen.<\/p>\n<p>Folgende K\u00f6rnungen sind immer vorr\u00e4tig:<\/p>\n<ul>\n<li>RCL-Schotter 0\/45: preiswertes Material zum Verf\u00fcllen und Aufsch\u00fctten von Baugruben, f\u00fcr den Wegebau<\/li>\n<li>RCL-Grobschlag 60\/120: preiswertes Material zum Verf\u00fcllen und Aufsch\u00fctten von Baugruben, f\u00fcr den Wegebau<\/li>\n<\/ul>\n<p>Andere K\u00f6rnungen auf Anfrage m\u00f6glich!<\/p>\n","protected":false},"excerpt":{"rendered":"<p>Um nachhaltig Ressourcen zu schonen, werden Beton und Baustoffe in unserem Betrieb wiederverwertert &#8211; daraus entstehen RCL-Sch\u00fcttg\u00fcter, die kosteng\u00fcnstig sind und optimale Materialeigenschaften vorweisen. Folgende K\u00f6rnungen sind immer vorr\u00e4tig: RCL-Schotter 0\/45: preiswertes Material zum Verf\u00fcllen und Aufsch\u00fctten von Baugruben, f\u00fcr den Wegebau RCL-Grobschlag 60\/120: preiswertes Material zum Verf\u00fcllen und Aufsch\u00fctten von Baugruben, f\u00fcr den Wegebau [&hellip;]<\/p>\n","protected":false},"author":2,"featured_media":0,"parent":5,"menu_order":1,"comment_status":"open","ping_status":"open","template":"","meta":[],"_links":{"self":[{"href":"https:\/\/www.steinbruch-jung.de\/index.php?rest_route=\/wp\/v2\/pages\/809"}],"collection":[{"href":"https:\/\/www.steinbruch-jung.de\/index.php?rest_route=\/wp\/v2\/pages"}],"about":[{"href":"https:\/\/www.steinbruch-jung.de\/index.php?rest_route=\/wp\/v2\/types\/page"}],"author":[{"embeddable":true,"href":"https:\/\/www.steinbruch-jung.de\/index.php?rest_route=\/wp\/v2\/users\/2"}],"replies":[{"embeddable":true,"href":"https:\/\/www.steinbruch-jung.de\/index.php?rest_route=%2Fwp%2Fv2%2Fcomments&post=809"}],"version-history":[{"count":5,"href":"https:\/\/www.steinbruch-jung.de\/index.php?rest_route=\/wp\/v2\/pages\/809\/revisions"}],"predecessor-version":[{"id":889,"href":"https:\/\/www.steinbruch-jung.de\/index.php?rest_route=\/wp\/v2\/pages\/809\/revisions\/889"}],"up":[{"embeddable":true,"href":"https:\/\/www.steinbruch-jung.de\/index.php?rest_route=\/wp\/v2\/pages\/5"}],"wp:attachment":[{"href":"https:\/\/www.steinbruch-jung.de\/index.php?rest_route=%2Fwp%2Fv2%2Fmedia&parent=809"}],"curies":[{"name":"wp","href":"https:\/\/api.w.org\/{rel}","templated":true}]}}